{"id":28,"date":"2022-10-13T17:00:24","date_gmt":"2022-10-13T17:00:24","guid":{"rendered":"https:\/\/schnippschnapp-haarstudio.de\/?page_id=28"},"modified":"2023-04-06T12:51:44","modified_gmt":"2023-04-06T12:51:44","slug":"ueber-uns","status":"publish","type":"page","link":"https:\/\/schnippschnapp-haarstudio.de\/?page_id=28","title":{"rendered":"\u00dcber Uns"},"content":{"rendered":"\t\t<div data-elementor-type=\"wp-page\" data-elementor-id=\"28\" class=\"elementor elementor-28\" data-elementor-post-type=\"page\">\n\t\t\t\t\t\t<section class=\"elementor-section elementor-top-section elementor-element elementor-element-ce26bbd elementor-section-boxed elementor-section-height-default elementor-section-height-default\" data-id=\"ce26bbd\" data-element_type=\"section\" data-e-type=\"section\" data-settings=\"{&quot;background_background&quot;:&quot;classic&quot;}\">\n\t\t\t\t\t\t<div class=\"elementor-container elementor-column-gap-default\">\n\t\t\t\t\t<div class=\"elementor-column elementor-col-100 elementor-top-column elementor-element elementor-element-e8885cd\" data-id=\"e8885cd\" data-element_type=\"column\" data-e-type=\"column\">\n\t\t\t<div class=\"elementor-widget-wrap elementor-element-populated\">\n\t\t\t\t\t\t<div class=\"elementor-element elementor-element-dba8b74 elementor-widget elementor-widget-spacer\" data-id=\"dba8b74\" data-element_type=\"widget\" data-e-type=\"widget\" data-widget_type=\"spacer.default\">\n\t\t\t\t\t\t\t<div class=\"elementor-spacer\">\n\t\t\t<div class=\"elementor-spacer-inner\"><\/div>\n\t\t<\/div>\n\t\t\t\t\t\t<\/div>\n\t\t\t\t<div class=\"elementor-element elementor-element-16e6e94 e-transform e-transform elementor-widget elementor-widget-text-editor\" data-id=\"16e6e94\" data-element_type=\"widget\" data-e-type=\"widget\" data-settings=\"{&quot;motion_fx_motion_fx_scrolling&quot;:&quot;yes&quot;,&quot;_transform_translateX_effect_mobile&quot;:{&quot;unit&quot;:&quot;px&quot;,&quot;size&quot;:8,&quot;sizes&quot;:[]},&quot;_transform_translateY_effect_mobile&quot;:{&quot;unit&quot;:&quot;px&quot;,&quot;size&quot;:150,&quot;sizes&quot;:[]},&quot;_transform_scale_effect_mobile&quot;:{&quot;unit&quot;:&quot;px&quot;,&quot;size&quot;:0.7,&quot;sizes&quot;:[]},&quot;motion_fx_devices&quot;:[&quot;desktop&quot;,&quot;tablet&quot;,&quot;mobile&quot;],&quot;_transform_translateX_effect&quot;:{&quot;unit&quot;:&quot;px&quot;,&quot;size&quot;:&quot;&quot;,&quot;sizes&quot;:[]},&quot;_transform_translateX_effect_tablet&quot;:{&quot;unit&quot;:&quot;px&quot;,&quot;size&quot;:&quot;&quot;,&quot;sizes&quot;:[]},&quot;_transform_translateY_effect&quot;:{&quot;unit&quot;:&quot;px&quot;,&quot;size&quot;:&quot;&quot;,&quot;sizes&quot;:[]},&quot;_transform_translateY_effect_tablet&quot;:{&quot;unit&quot;:&quot;px&quot;,&quot;size&quot;:&quot;&quot;,&quot;sizes&quot;:[]},&quot;_transform_scale_effect&quot;:{&quot;unit&quot;:&quot;px&quot;,&quot;size&quot;:&quot;&quot;,&quot;sizes&quot;:[]},&quot;_transform_scale_effect_tablet&quot;:{&quot;unit&quot;:&quot;px&quot;,&quot;size&quot;:&quot;&quot;,&quot;sizes&quot;:[]}}\" data-widget_type=\"text-editor.default\">\n\t\t\t\t\t\t\t\t\t<p><span style=\"color: #000000;\"><strong>Ich bin Sabine Donhauser Chefin des &#8222;<span style=\"color: #0000ff;\">Studio SchnippSchnapp<\/span>&#8220; . Im Jahre 1999 habe ich das Gesch\u00e4ft hier in Altenschwand er\u00f6ffnet. <\/strong><\/span><\/p><p><span style=\"color: #000000;\"><strong>Mit meinen M\u00e4dels besuchen wir laufend Fortbildungen in Sachen&#8216; Farbe, Schnitte, Lockentechniken , Haarveredelungen und Vieles mehr. <\/strong><\/span><\/p><p><span style=\"color: #000000;\"><strong>Wir lieben unseren Beruf und es gibt f\u00fcr uns nichts Sch\u00f6neres als zufriedene Kunden. In unserem Salon wird Service sehr gro\u00df geschrieben und es liegt uns sehr am Herzen, allen Kunden ein Wohlgef\u00fchl zu vemitteln.\u00a0<\/strong><\/span><\/p><p><span style=\"color: #000000;\"><strong>Durch unsere st\u00e4ndige Weiterbildung sind wir stetig auf dem neusten Stand in Sachen Trends.<\/strong><\/span><\/p><p><span style=\"color: #000000;\"><strong>Als kleines Kind hatte ich schon Spass am Friesieren und in der Schule fasste ich dann den Entschluss Friseurin zu werden; diesen Traum lebe ich jetzt.<\/strong><\/span><\/p><p><span style=\"color: #000000;\"><strong>Mein Motto ist: <em><span style=\"color: #00ffff;\">Tr\u00e4ume nicht dein Leben, sondern lebe deinen Traum!<\/span><\/em><\/strong><\/span><\/p>\t\t\t\t\t\t\t\t<\/div>\n\t\t\t\t<div class=\"elementor-element elementor-element-e1170fe elementor-widget elementor-widget-spacer\" data-id=\"e1170fe\" data-element_type=\"widget\" data-e-type=\"widget\" data-widget_type=\"spacer.default\">\n\t\t\t\t\t\t\t<div class=\"elementor-spacer\">\n\t\t\t<div class=\"elementor-spacer-inner\"><\/div>\n\t\t<\/div>\n\t\t\t\t\t\t<\/div>\n\t\t\t\t\t<\/div>\n\t\t<\/div>\n\t\t\t\t\t<\/div>\n\t\t<\/section>\n\t\t\t\t<\/div>\n\t\t","protected":false},"excerpt":{"rendered":"<p>Ich bin Sabine Donhauser Chefin des &#8222;Studio SchnippSchnapp&#8220; . Im Jahre 1999 habe ich das Gesch\u00e4ft hier in Altenschwand er\u00f6ffnet. Mit meinen M\u00e4dels besuchen wir laufend Fortbildungen in Sachen&#8216; Farbe, Schnitte, Lockentechniken , Haarveredelungen und Vieles mehr. Wir lieben unseren Beruf und es gibt f\u00fcr uns nichts Sch\u00f6neres als zufriedene Kunden. In unserem Salon wird [&hellip;]<\/p>\n","protected":false},"author":1,"featured_media":0,"parent":0,"menu_order":0,"comment_status":"closed","ping_status":"closed","template":"","meta":{"footnotes":""},"class_list":["post-28","page","type-page","status-publish","hentry"],"_links":{"self":[{"href":"https:\/\/schnippschnapp-haarstudio.de\/index.php?rest_route=\/wp\/v2\/pages\/28","targetHints":{"allow":["GET"]}}],"collection":[{"href":"https:\/\/schnippschnapp-haarstudio.de\/index.php?rest_route=\/wp\/v2\/pages"}],"about":[{"href":"https:\/\/schnippschnapp-haarstudio.de\/index.php?rest_route=\/wp\/v2\/types\/page"}],"author":[{"embeddable":true,"href":"https:\/\/schnippschnapp-haarstudio.de\/index.php?rest_route=\/wp\/v2\/users\/1"}],"replies":[{"embeddable":true,"href":"https:\/\/schnippschnapp-haarstudio.de\/index.php?rest_route=%2Fwp%2Fv2%2Fcomments&post=28"}],"version-history":[{"count":31,"href":"https:\/\/schnippschnapp-haarstudio.de\/index.php?rest_route=\/wp\/v2\/pages\/28\/revisions"}],"predecessor-version":[{"id":487,"href":"https:\/\/schnippschnapp-haarstudio.de\/index.php?rest_route=\/wp\/v2\/pages\/28\/revisions\/487"}],"wp:attachment":[{"href":"https:\/\/schnippschnapp-haarstudio.de\/index.php?rest_route=%2Fwp%2Fv2%2Fmedia&parent=28"}],"curies":[{"name":"wp","href":"https:\/\/api.w.org\/{rel}","templated":true}]}}