{"id":38,"date":"2022-10-13T17:05:03","date_gmt":"2022-10-13T17:05:03","guid":{"rendered":"https:\/\/schnippschnapp-haarstudio.de\/?page_id=38"},"modified":"2022-10-14T08:28:59","modified_gmt":"2022-10-14T08:28:59","slug":"impressum","status":"publish","type":"page","link":"https:\/\/schnippschnapp-haarstudio.de\/?page_id=38","title":{"rendered":"Impressum"},"content":{"rendered":"\t\t<div data-elementor-type=\"wp-page\" data-elementor-id=\"38\" class=\"elementor elementor-38\" data-elementor-post-type=\"page\">\n\t\t\t\t\t\t<section class=\"elementor-section elementor-top-section elementor-element elementor-element-cfb6742 elementor-section-boxed elementor-section-height-default elementor-section-height-default\" data-id=\"cfb6742\" data-element_type=\"section\" data-e-type=\"section\" data-settings=\"{&quot;background_background&quot;:&quot;classic&quot;}\">\n\t\t\t\t\t\t<div class=\"elementor-container elementor-column-gap-default\">\n\t\t\t\t\t<div class=\"elementor-column elementor-col-100 elementor-top-column elementor-element elementor-element-41970d6\" data-id=\"41970d6\" data-element_type=\"column\" data-e-type=\"column\">\n\t\t\t<div class=\"elementor-widget-wrap elementor-element-populated\">\n\t\t\t\t\t\t<div class=\"elementor-element elementor-element-518bf52 elementor-widget elementor-widget-text-editor\" data-id=\"518bf52\" data-element_type=\"widget\" data-e-type=\"widget\" data-widget_type=\"text-editor.default\">\n\t\t\t\t\t\t\t\t\t<p><strong>Impressum<\/strong><\/p><p><strong>Homepage von Haarstudio \u201eSchnippSchnapp\u201c<\/strong><\/p><p><strong>vertreten Durch<\/strong><\/p><p><strong>Inhaberin<\/strong><\/p><p><strong>Sabine Donhauser<\/strong><\/p><p><strong>Zengerstr. 38<\/strong><\/p><p><strong>92439 Bodenw\u00f6hr<\/strong><\/p><p><strong>Tel. 09434 901170<\/strong><\/p><p><strong><em>Steuer Nr.<\/em> 248\/212\/00330<\/strong><\/p><p><strong>Urheberschutz und Nutzung: Der Urheber r\u00e4umt ihnen ganz konkret das Nutzungsrecht ein, sich sine private Kopie f\u00fcr pers\u00f6nliche Zwecke anzufertigen. Nicht berechtigt sind sie dagegen, die Materialien zu ver\u00e4ndern und\/oder weiter zu geben oder gar selbst zu ver\u00f6ffentlichen. Wenn nicht ausdr\u00fccklich anders vermerkt, liegen die Urheberrechte f\u00fcr alle Elemente bei Haarstudio \u201eSchnippSchnapp\u201c<\/strong><\/p><p><strong>Keine Haftung: Die Inhalte dieses Webprojektes wurden sorgf\u00e4ltig gepr\u00fcft und nach bestem Wissen erstellt. Aber f\u00fcr die hier dargebotenen Informationen wird kein Anspruch auf Vollst\u00e4ndigkeit, Aktualit\u00e4t, Qualit\u00e4t und Richtigkeit erhoben. Es kann keine Verantwortung f\u00fcr Sch\u00e4den \u00fcbernommen werden, die durch das Vertrauen auf die Inhalte dieser Webseite oder deren Gebrauch entstehen. Trotz sorgf\u00e4ltiger inhaltlicher Kontrolle \u00fcbernehmen wir keine Haftung f\u00fcr die Inhalte externer Links. F\u00fcr den Inhalt der verlinkten Seiten sind ausschlie\u00dflich deren Betreiber verantwortlich.<\/strong><\/p><p><strong>Falls sie vermuten, dass von dieser Webseite aus eines ihrer Schutzrechte verletzt wird, teilen sie das bitte umgehend per E-Mail mit, damit z\u00fcgig Abhilfe geschafft werden kann.<\/strong><\/p><p>\u00a0<\/p>\t\t\t\t\t\t\t\t<\/div>\n\t\t\t\t\t<\/div>\n\t\t<\/div>\n\t\t\t\t\t<\/div>\n\t\t<\/section>\n\t\t\t\t<\/div>\n\t\t","protected":false},"excerpt":{"rendered":"<p>Impressum Homepage von Haarstudio \u201eSchnippSchnapp\u201c vertreten Durch Inhaberin Sabine Donhauser Zengerstr. 38 92439 Bodenw\u00f6hr Tel. 09434 901170 Steuer Nr. 248\/212\/00330 Urheberschutz und Nutzung: Der Urheber r\u00e4umt ihnen ganz konkret das Nutzungsrecht ein, sich sine private Kopie f\u00fcr pers\u00f6nliche Zwecke anzufertigen. Nicht berechtigt sind sie dagegen, die Materialien zu ver\u00e4ndern und\/oder weiter zu geben oder gar [&hellip;]<\/p>\n","protected":false},"author":1,"featured_media":0,"parent":0,"menu_order":0,"comment_status":"closed","ping_status":"closed","template":"","meta":{"footnotes":""},"class_list":["post-38","page","type-page","status-publish","hentry"],"_links":{"self":[{"href":"https:\/\/schnippschnapp-haarstudio.de\/index.php?rest_route=\/wp\/v2\/pages\/38","targetHints":{"allow":["GET"]}}],"collection":[{"href":"https:\/\/schnippschnapp-haarstudio.de\/index.php?rest_route=\/wp\/v2\/pages"}],"about":[{"href":"https:\/\/schnippschnapp-haarstudio.de\/index.php?rest_route=\/wp\/v2\/types\/page"}],"author":[{"embeddable":true,"href":"https:\/\/schnippschnapp-haarstudio.de\/index.php?rest_route=\/wp\/v2\/users\/1"}],"replies":[{"embeddable":true,"href":"https:\/\/schnippschnapp-haarstudio.de\/index.php?rest_route=%2Fwp%2Fv2%2Fcomments&post=38"}],"version-history":[{"count":4,"href":"https:\/\/schnippschnapp-haarstudio.de\/index.php?rest_route=\/wp\/v2\/pages\/38\/revisions"}],"predecessor-version":[{"id":147,"href":"https:\/\/schnippschnapp-haarstudio.de\/index.php?rest_route=\/wp\/v2\/pages\/38\/revisions\/147"}],"wp:attachment":[{"href":"https:\/\/schnippschnapp-haarstudio.de\/index.php?rest_route=%2Fwp%2Fv2%2Fmedia&parent=38"}],"curies":[{"name":"wp","href":"https:\/\/api.w.org\/{rel}","templated":true}]}}